{"id":5008,"date":"2020-09-21T22:27:28","date_gmt":"2020-09-21T20:27:28","guid":{"rendered":"https:\/\/www.kellnerchiropraxia.sk\/?page_id=5008"},"modified":"2021-12-11T21:15:31","modified_gmt":"2021-12-11T20:15:31","slug":"cennik","status":"publish","type":"page","link":"https:\/\/www.kellnerchiropraxia.sk\/?page_id=5008","title":{"rendered":"Cenn\u00edk"},"content":{"rendered":"\n<div style=\"height:132px\" aria-hidden=\"true\" class=\"wp-block-spacer\"><\/div>\n\n\n<div class=\"gb-container gb-container-5415318b\"><div class=\"gb-inside-container\">\n\n<div style=\"height:132px\" aria-hidden=\"true\" class=\"wp-block-spacer\"><\/div>\n\n\n\n\n            <div \n                class=\"elfsight-widget-pricing-table elfsight-widget\" \n                data-elfsight-pricing-table-options=\"%7B%22layout%22%3A%22columns%22%2C%22skin%22%3A%22skin3%22%2C%22mainColor%22%3A%22rgb%28127%2C%20149%2C%20230%29%22%2C%22styleColumnBorderRadius%22%3Atrue%2C%22styleColumnBorderWidth%22%3Atrue%2C%22headTitle%22%3A%22Plan%20name%22%2C%22headFeatures%22%3A%5B%7B%22text%22%3A%22Feature%201%22%7D%2C%7B%22text%22%3A%22Feature%202%22%7D%5D%2C%22headTextColor%22%3A%22rgb%2823%2C%2025%2C%2026%29%22%2C%22headBackgroundColor%22%3A%22rgb%28247%2C%20247%2C%20247%29%22%2C%22toggleVisible%22%3Afalse%2C%22toggleItems%22%3A%5B%5D%2C%22toggleDefaultItem%22%3A%22%22%2C%22toggleColor%22%3A%22%22%2C%22columns%22%3A%5B%7B%22isFeatured%22%3Afalse%2C%22title%22%3A%22%22%2C%22titleCaption%22%3A%22%22%2C%22features%22%3A%5B%7B%22text%22%3A%22%22%2C%22icon%22%3A%22plus%22%2C%22hint%22%3A%22%22%7D%2C%7B%22text%22%3A%22%22%2C%22icon%22%3A%22plus%22%2C%22hint%22%3A%22%22%7D%2C%7B%22text%22%3A%22%22%2C%22icon%22%3A%22none%22%2C%22hint%22%3A%22%22%7D%5D%2C%22priceCurrency%22%3A%22EUR%22%2C%22price%22%3A%22%22%2C%22pricePostfix%22%3A%22%22%2C%22button%22%3A%22%22%2C%22buttonLink%22%3A%22%22%2C%22buttonCaption%22%3A%22%22%2C%22mainColor%22%3A%22rgb%28255%2C%20255%2C%20255%29%22%2C%22contentDivider%22%3Anull%2C%22buttonOptions%22%3A%5B%5D%2C%22buttonTargetBlank%22%3Atrue%2C%22pricePrefix%22%3A%22%22%2C%22priceOptions%22%3A%5B%5D%2C%22priceCaption%22%3A%22%3Cdiv%20style%3D%5C%22text-align%3A%20center%3B%5C%22%20%5C%22m%3B%5C%22%3D%5C%22%5C%22%3E%3Cbr%3E%3C%5C%2Fdiv%3E%22%2C%22picture%22%3A%22%22%7D%2C%7B%22isFeatured%22%3Atrue%2C%22title%22%3A%22O%5Cu0161etrenie%20cel%5Cu00e9ho%20tela%22%2C%22titleCaption%22%3A%22%22%2C%22features%22%3A%5B%7B%22text%22%3A%22Napravenie%20pohybov%5Cu00e9ho%20apar%5Cu00e1tu%22%2C%22icon%22%3A%22plus%22%2C%22hint%22%3A%22%22%7D%2C%7B%22text%22%3A%22O%5Cu0161etrenie%20hor%5Cu00facou%20ihli%5Cu010dkou%20%28ak%20to%20zdravotn%5Cu00fd%20stav%20umo%5Cu017e%5Cu0148uje%29%22%2C%22icon%22%3A%22plus%22%2C%22hint%22%3A%22%22%7D%2C%7B%22text%22%3A%22O%5Cu0161etrenie%20cel%5Cu00e9ho%20tela%22%2C%22icon%22%3A%22plus%22%2C%22hint%22%3A%22%22%7D%2C%7B%22text%22%3A%22%22%2C%22icon%22%3A%22none%22%2C%22hint%22%3A%22%22%7D%5D%2C%22priceCurrency%22%3A%22EUR%22%2C%22price%22%3A%22100%22%2C%22pricePostfix%22%3A%22%22%2C%22button%22%3A%22%22%2C%22buttonLink%22%3A%22%22%2C%22buttonCaption%22%3A%22%22%2C%22buttonFeatured%22%3Atrue%2C%22ribbonText%22%3A%22Popular%22%2C%22mainColor%22%3A%22rgb%28127%2C%20149%2C%20230%29%22%2C%22contentDivider%22%3Anull%2C%22buttonOptions%22%3A%5B%5D%2C%22buttonTargetBlank%22%3Atrue%2C%22pricePrefix%22%3A%22%22%2C%22priceOptions%22%3A%5B%5D%2C%22priceCaption%22%3A%22%22%2C%22picture%22%3A%22%22%7D%2C%7B%22isFeatured%22%3Afalse%2C%22contentDivider%22%3Anull%2C%22title%22%3A%22Title%22%2C%22titleCaption%22%3A%22%22%2C%22pricePrefix%22%3A%22%22%2C%22priceCurrency%22%3A%22EUR%22%2C%22price%22%3A%220%22%2C%22pricePostfix%22%3A%22month%22%2C%22priceOptions%22%3A%5B%5D%2C%22priceCaption%22%3A%22%22%2C%22button%22%3A%22Select%22%2C%22buttonLink%22%3A%22%22%2C%22buttonOptions%22%3A%5B%5D%2C%22buttonCaption%22%3A%22%22%2C%22buttonTargetBlank%22%3Atrue%2C%22picture%22%3A%22%22%2C%22ribbonText%22%3A%22%22%2C%22ribbonBackgroundColor%22%3A%22%22%2C%22ribbonTextColor%22%3A%22%22%2C%22mainColor%22%3A%22rgb%28255%2C%20255%2C%20255%29%22%7D%5D%2C%22elements%22%3A%5B%7B%22complexGroup%22%3A%22title%22%2C%22name%22%3A%22Title%22%2C%22titleEnable%22%3Atrue%2C%22titleCaptionColor%22%3A%22%22%2C%22titleTextColor%22%3A%22%22%2C%22titleFontSize%22%3A27%2C%22titleFontWeight%22%3A600%7D%2C%7B%22complexGroup%22%3A%22features%22%2C%22name%22%3A%22Features%22%2C%22featuresEnable%22%3Atrue%2C%22featuresStyle%22%3A%22striped%22%2C%22featuresIconColor%22%3A%22%22%2C%22featuresTextColor%22%3A%22%22%2C%22featuresAlign%22%3A%22left%22%2C%22featuresFontSize%22%3A15%7D%2C%7B%22complexGroup%22%3A%22price%22%2C%22name%22%3A%22Price%22%2C%22priceEnable%22%3Atrue%2C%22priceCaptionColor%22%3A%22%22%2C%22priceTextColor%22%3A%22%22%2C%22priceFontSize%22%3A40%2C%22priceFontWeight%22%3A600%7D%2C%7B%22complexGroup%22%3A%22button%22%2C%22name%22%3A%22Button%22%2C%22buttonEnable%22%3Atrue%2C%22buttonType%22%3A%22outline%22%2C%22buttonColor%22%3A%22%22%2C%22buttonTextColor%22%3A%22%22%2C%22buttonSize%22%3A%22medium%22%2C%22buttonCaptionColor%22%3A%22%22%7D%2C%7B%22complexGroup%22%3A%22picture%22%2C%22name%22%3A%22Picture%22%2C%22pictureEnable%22%3Atrue%7D%5D%2C%22widgetId%22%3A%221%22%7D\" \n                data-elfsight-pricing-table-version=\"2.5.1\"\n                data-elfsight-widget-id=\"elfsight-pricing-table-1\">\n            <\/div>\n            \n\n\n\n<div style=\"height:132px\" aria-hidden=\"true\" class=\"wp-block-spacer\"><\/div>\n\n<\/div><\/div>\n\n\n<div style=\"height:132px\" aria-hidden=\"true\" class=\"wp-block-spacer\"><\/div>\n\n\n\n<h1 class=\"gb-headline gb-headline-1a8eb11d gb-headline-text\"><\/h1>\n\n\n<div class=\"gb-container gb-container-709a9660\"><div class=\"gb-inside-container\">\n<div class=\"gb-grid-wrapper gb-grid-wrapper-28f1d63c\">\n<div class=\"gb-grid-column gb-grid-column-b94e344f\"><div class=\"gb-container gb-container-b94e344f\"><div class=\"gb-inside-container\">\n\n<p class=\"gb-headline gb-headline-6b91a2e0 gb-headline-text\"><\/p>\n\n<\/div><\/div><\/div>\n<\/div>\n<\/div><\/div>\n\n\n<h1 class=\"gb-headline gb-headline-2a456631 gb-headline-text\"><\/h1>\n\n\n\n<p><\/p>\n","protected":false},"excerpt":{"rendered":"","protected":false},"author":1,"featured_media":0,"parent":0,"menu_order":0,"comment_status":"closed","ping_status":"closed","template":"","meta":{"_generate-full-width-content":"","_monsterinsights_skip_tracking":false,"_monsterinsights_sitenote_active":false,"_monsterinsights_sitenote_note":"","_monsterinsights_sitenote_category":0},"yoast_head":"<!-- This site is optimized with the Yoast SEO plugin v16.3 - https:\/\/yoast.com\/wordpress\/plugins\/seo\/ -->\n<title>Cenn\u00edk - Maro\u0161 Kellner - Chiropraktik Ke\u017emarok<\/title>\n<meta name=\"robots\" content=\"index, follow, max-snippet:-1, max-image-preview:large, max-video-preview:-1\" \/>\n<link rel=\"canonical\" href=\"https:\/\/www.kellnerchiropraxia.sk\/?page_id=5008\" \/>\n<meta property=\"og:locale\" content=\"en_US\" \/>\n<meta property=\"og:type\" content=\"article\" \/>\n<meta property=\"og:title\" content=\"Cenn\u00edk - Maro\u0161 Kellner - Chiropraktik Ke\u017emarok\" \/>\n<meta property=\"og:url\" content=\"https:\/\/www.kellnerchiropraxia.sk\/?page_id=5008\" \/>\n<meta property=\"og:site_name\" content=\"Maro\u0161 Kellner - Chiropraktik Ke\u017emarok\" \/>\n<meta property=\"article:modified_time\" content=\"2021-12-11T20:15:31+00:00\" \/>\n<meta name=\"twitter:card\" content=\"summary_large_image\" \/>\n<meta name=\"twitter:label1\" content=\"Est. reading time\">\n\t<meta name=\"twitter:data1\" content=\"1 minute\">\n<script type=\"application\/ld+json\" class=\"yoast-schema-graph\">{\"@context\":\"https:\/\/schema.org\",\"@graph\":[{\"@type\":\"WebSite\",\"@id\":\"https:\/\/www.kellnerchiropraxia.sk\/#website\",\"url\":\"https:\/\/www.kellnerchiropraxia.sk\/\",\"name\":\"Maro\\u0161 Kellner - Chiropraktik Ke\\u017emarok\",\"description\":\"Maro\\u0161 Kellner - Chiropraktik Ke\\u017emarok\",\"potentialAction\":[{\"@type\":\"SearchAction\",\"target\":\"https:\/\/www.kellnerchiropraxia.sk\/?s={search_term_string}\",\"query-input\":\"required name=search_term_string\"}],\"inLanguage\":\"en-US\"},{\"@type\":\"WebPage\",\"@id\":\"https:\/\/www.kellnerchiropraxia.sk\/?page_id=5008#webpage\",\"url\":\"https:\/\/www.kellnerchiropraxia.sk\/?page_id=5008\",\"name\":\"Cenn\\u00edk - Maro\\u0161 Kellner - Chiropraktik Ke\\u017emarok\",\"isPartOf\":{\"@id\":\"https:\/\/www.kellnerchiropraxia.sk\/#website\"},\"datePublished\":\"2020-09-21T20:27:28+00:00\",\"dateModified\":\"2021-12-11T20:15:31+00:00\",\"breadcrumb\":{\"@id\":\"https:\/\/www.kellnerchiropraxia.sk\/?page_id=5008#breadcrumb\"},\"inLanguage\":\"en-US\",\"potentialAction\":[{\"@type\":\"ReadAction\",\"target\":[\"https:\/\/www.kellnerchiropraxia.sk\/?page_id=5008\"]}]},{\"@type\":\"BreadcrumbList\",\"@id\":\"https:\/\/www.kellnerchiropraxia.sk\/?page_id=5008#breadcrumb\",\"itemListElement\":[{\"@type\":\"ListItem\",\"position\":1,\"item\":{\"@type\":\"WebPage\",\"@id\":\"https:\/\/www.kellnerchiropraxia.sk\/\",\"url\":\"https:\/\/www.kellnerchiropraxia.sk\/\",\"name\":\"Home\"}},{\"@type\":\"ListItem\",\"position\":2,\"item\":{\"@id\":\"https:\/\/www.kellnerchiropraxia.sk\/?page_id=5008#webpage\"}}]}]}<\/script>\n<!-- \/ Yoast SEO plugin. -->","_links":{"self":[{"href":"https:\/\/www.kellnerchiropraxia.sk\/index.php?rest_route=\/wp\/v2\/pages\/5008"}],"collection":[{"href":"https:\/\/www.kellnerchiropraxia.sk\/index.php?rest_route=\/wp\/v2\/pages"}],"about":[{"href":"https:\/\/www.kellnerchiropraxia.sk\/index.php?rest_route=\/wp\/v2\/types\/page"}],"author":[{"embeddable":true,"href":"https:\/\/www.kellnerchiropraxia.sk\/index.php?rest_route=\/wp\/v2\/users\/1"}],"replies":[{"embeddable":true,"href":"https:\/\/www.kellnerchiropraxia.sk\/index.php?rest_route=%2Fwp%2Fv2%2Fcomments&post=5008"}],"version-history":[{"count":11,"href":"https:\/\/www.kellnerchiropraxia.sk\/index.php?rest_route=\/wp\/v2\/pages\/5008\/revisions"}],"predecessor-version":[{"id":5597,"href":"https:\/\/www.kellnerchiropraxia.sk\/index.php?rest_route=\/wp\/v2\/pages\/5008\/revisions\/5597"}],"wp:attachment":[{"href":"https:\/\/www.kellnerchiropraxia.sk\/index.php?rest_route=%2Fwp%2Fv2%2Fmedia&parent=5008"}],"curies":[{"name":"wp","href":"https:\/\/api.w.org\/{rel}","templated":true}]}}